{"id":42,"date":"2025-11-19T21:16:24","date_gmt":"2025-11-19T21:16:24","guid":{"rendered":"https:\/\/grupobarcelona.com.py\/?page_id=42"},"modified":"2026-01-12T20:49:26","modified_gmt":"2026-01-12T20:49:26","slug":"contacto","status":"publish","type":"page","link":"https:\/\/grupobarcelona.com.py\/pt\/contacto\/","title":{"rendered":"Contato"},"content":{"rendered":"\t\t<div data-elementor-type=\"wp-page\" data-elementor-id=\"42\" class=\"elementor elementor-42\" data-elementor-post-type=\"page\">\n\t\t\t\t<div class=\"elementor-element elementor-element-12273e2 e-con-full e-flex elementor-invisible e-con e-parent\" data-id=\"12273e2\" data-element_type=\"container\" data-e-type=\"container\" data-settings=\"{&quot;background_background&quot;:&quot;classic&quot;,&quot;animation&quot;:&quot;fadeInUp&quot;,&quot;jet_parallax_layout_list&quot;:[]}\">\n\t\t\t\t<div class=\"elementor-element elementor-element-13dadf0 elementor-widget elementor-widget-heading\" data-id=\"13dadf0\" data-element_type=\"widget\" data-e-type=\"widget\" data-widget_type=\"heading.default\">\n\t\t\t\t\t<h2 class=\"elementor-heading-title elementor-size-default\">Contacto<\/h2>\t\t\t\t<\/div>\n\t\t\t\t<\/div>\n\t\t<div class=\"elementor-element elementor-element-5ff4211 e-flex e-con-boxed elementor-invisible e-con e-parent\" data-id=\"5ff4211\" data-element_type=\"container\" data-e-type=\"container\" data-settings=\"{&quot;animation&quot;:&quot;fadeInUp&quot;,&quot;jet_parallax_layout_list&quot;:[]}\">\n\t\t\t\t\t<div class=\"e-con-inner\">\n\t\t<div class=\"elementor-element elementor-element-971676d e-con-full e-flex e-con e-child\" data-id=\"971676d\" data-element_type=\"container\" data-e-type=\"container\" data-settings=\"{&quot;jet_parallax_layout_list&quot;:[]}\">\n\t\t\t\t<div class=\"elementor-element elementor-element-23ec13f elementor-widget__width-initial elementor-widget-mobile__width-inherit elementor-widget elementor-widget-text-editor\" data-id=\"23ec13f\" data-element_type=\"widget\" data-e-type=\"widget\" data-widget_type=\"text-editor.default\">\n\t\t\t\t\t\t\t\t\t<p>Nuestro equipo est\u00e1 a disposici\u00f3n para brindarte el asesoramiento y la asistencia que necesit\u00e1s.<\/p>\t\t\t\t\t\t\t\t<\/div>\n\t\t\t\t<div class=\"elementor-element elementor-element-acdbe84 elementor-icon-list--layout-traditional elementor-list-item-link-full_width elementor-widget elementor-widget-icon-list\" data-id=\"acdbe84\" data-element_type=\"widget\" data-e-type=\"widget\" data-widget_type=\"icon-list.default\">\n\t\t\t\t\t\t\t<ul class=\"elementor-icon-list-items\">\n\t\t\t\t\t\t\t<li class=\"elementor-icon-list-item\">\n\t\t\t\t\t\t\t\t\t\t\t<span class=\"elementor-icon-list-icon\">\n\t\t\t\t\t\t\t<svg xmlns=\"http:\/\/www.w3.org\/2000\/svg\" width=\"24\" height=\"24\" viewBox=\"0 0 24 24\" fill=\"none\"><path d=\"M21.7388 16.4138C21.5716 17.6841 20.9477 18.8502 19.9837 19.6942C19.0196 20.5382 17.7813 21.0023 16.5 21.0001C9.05626 21.0001 3.00001 14.9438 3.00001 7.50005C2.99771 6.21876 3.4619 4.98045 4.30588 4.01639C5.14986 3.05234 6.31592 2.42847 7.58626 2.2613C7.9075 2.22208 8.2328 2.2878 8.51362 2.44865C8.79444 2.60951 9.0157 2.85687 9.14438 3.1538L11.1244 7.57412V7.58537C11.2229 7.81267 11.2636 8.06083 11.2428 8.30769C11.222 8.55455 11.1404 8.79242 11.0053 9.00005C10.9884 9.02537 10.9706 9.0488 10.9519 9.07224L9.00001 11.386C9.7022 12.8129 11.1947 14.2922 12.6403 14.9963L14.9222 13.0547C14.9446 13.0359 14.9681 13.0184 14.9925 13.0022C15.2 12.8639 15.4387 12.7794 15.687 12.7565C15.9353 12.7336 16.1854 12.7729 16.4147 12.871L16.4269 12.8766L20.8434 14.8557C21.1409 14.9839 21.3889 15.205 21.5503 15.4858C21.7116 15.7667 21.7778 16.0922 21.7388 16.4138Z\" fill=\"#0E2943\"><\/path><\/svg>\t\t\t\t\t\t<\/span>\n\t\t\t\t\t\t\t\t\t\t<span class=\"elementor-icon-list-text\">+595\u202f986\u202f157 077<\/span>\n\t\t\t\t\t\t\t\t\t<\/li>\n\t\t\t\t\t\t\t\t<li class=\"elementor-icon-list-item\">\n\t\t\t\t\t\t\t\t\t\t\t<span class=\"elementor-icon-list-icon\">\n\t\t\t\t\t\t\t<svg xmlns=\"http:\/\/www.w3.org\/2000\/svg\" width=\"24\" height=\"24\" viewBox=\"0 0 24 24\" fill=\"none\"><path d=\"M4 4C3.07 4 2.29231 4.64291 2.07031 5.50391L12 11.7266L21.9356 5.52149C21.7196 4.65049 20.937 4.00001 20 4.00001L4 4ZM2 7.73438V18C2 19.103 2.897 20 4 20H20C21.103 20 22 19.103 22 18V7.75587L12 14L2 7.73438Z\" fill=\"#0E2943\"><\/path><\/svg>\t\t\t\t\t\t<\/span>\n\t\t\t\t\t\t\t\t\t\t<span class=\"elementor-icon-list-text\">info@grupobarcelona.com.py<\/span>\n\t\t\t\t\t\t\t\t\t<\/li>\n\t\t\t\t\t\t\t\t<li class=\"elementor-icon-list-item\">\n\t\t\t\t\t\t\t\t\t\t\t<span class=\"elementor-icon-list-icon\">\n\t\t\t\t\t\t\t<svg xmlns=\"http:\/\/www.w3.org\/2000\/svg\" width=\"24\" height=\"24\" viewBox=\"0 0 24 24\" fill=\"none\"><path d=\"M18.75 21H14.1131C14.892 20.3045 15.6266 19.5608 16.3125 18.7734C18.8859 15.8138 20.25 12.6938 20.25 9.75C20.25 7.56196 19.3808 5.46354 17.8336 3.91637C16.2865 2.36919 14.188 1.5 12 1.5C9.81196 1.5 7.71354 2.36919 6.16637 3.91637C4.61919 5.46354 3.75 7.56196 3.75 9.75C3.75 12.6938 5.11031 15.8138 7.6875 18.7734C8.37338 19.5608 9.10795 20.3045 9.88688 21H5.25C5.05109 21 4.86032 21.079 4.71967 21.2197C4.57902 21.3603 4.5 21.5511 4.5 21.75C4.5 21.9489 4.57902 22.1397 4.71967 22.2803C4.86032 22.421 5.05109 22.5 5.25 22.5H18.75C18.9489 22.5 19.1397 22.421 19.2803 22.2803C19.421 22.1397 19.5 21.9489 19.5 21.75C19.5 21.5511 19.421 21.3603 19.2803 21.2197C19.1397 21.079 18.9489 21 18.75 21ZM12 6.75C12.5933 6.75 13.1734 6.92595 13.6667 7.25559C14.1601 7.58524 14.5446 8.05377 14.7716 8.60195C14.9987 9.15013 15.0581 9.75333 14.9424 10.3353C14.8266 10.9172 14.5409 11.4518 14.1213 11.8713C13.7018 12.2909 13.1672 12.5766 12.5853 12.6924C12.0033 12.8081 11.4001 12.7487 10.8519 12.5216C10.3038 12.2946 9.83524 11.9101 9.50559 11.4167C9.17595 10.9234 9 10.3433 9 9.75C9 8.95435 9.31607 8.19129 9.87868 7.62868C10.4413 7.06607 11.2044 6.75 12 6.75Z\" fill=\"#0E2943\"><\/path><\/svg>\t\t\t\t\t\t<\/span>\n\t\t\t\t\t\t\t\t\t\t<span class=\"elementor-icon-list-text\">Teniente H\u00e9ctor Vera 2636, Asunci\u00f3n<\/span>\n\t\t\t\t\t\t\t\t\t<\/li>\n\t\t\t\t\t\t<\/ul>\n\t\t\t\t\t\t<\/div>\n\t\t\t\t<\/div>\n\t\t<div class=\"elementor-element elementor-element-5aec19a e-con-full e-flex e-con e-child\" data-id=\"5aec19a\" data-element_type=\"container\" data-e-type=\"container\" data-settings=\"{&quot;jet_parallax_layout_list&quot;:[]}\">\n\t\t\t\t<div class=\"elementor-element elementor-element-6ea8999 elementor-widget elementor-widget-html\" data-id=\"6ea8999\" data-element_type=\"widget\" data-e-type=\"widget\" data-widget_type=\"html.default\">\n\t\t\t\t\t<script src=\"https:\/\/js.hsforms.net\/forms\/embed\/46988105.js\" defer><\/script>\r\n<div class=\"hs-form-frame\" data-region=\"na1\" data-form-id=\"dd04a10c-0501-4749-8529-3cdb5e146459\" data-portal-id=\"46988105\"><\/div>\t\t\t\t<\/div>\n\t\t\t\t<div class=\"elementor-element elementor-element-7821ed1 elementor-button-align-end elementor-hidden-desktop elementor-hidden-tablet elementor-hidden-mobile elementor-widget elementor-widget-form\" data-id=\"7821ed1\" data-element_type=\"widget\" data-e-type=\"widget\" data-settings=\"{&quot;step_next_label&quot;:&quot;Siguiente&quot;,&quot;step_previous_label&quot;:&quot;Anterior&quot;,&quot;button_width&quot;:&quot;100&quot;,&quot;step_type&quot;:&quot;number_text&quot;,&quot;step_icon_shape&quot;:&quot;circle&quot;}\" data-widget_type=\"form.default\">\n\t\t\t\t\t\t\t<form class=\"elementor-form\" method=\"post\" name=\"Nuevo formulario\" aria-label=\"Nuevo formulario\">\n\t\t\t<input type=\"hidden\" name=\"post_id\" value=\"42\"\/>\n\t\t\t<input type=\"hidden\" name=\"form_id\" value=\"7821ed1\"\/>\n\t\t\t<input type=\"hidden\" name=\"referer_title\" value=\"Contacto\" \/>\n\n\t\t\t\t\t\t\t<input type=\"hidden\" name=\"queried_id\" value=\"42\"\/>\n\t\t\t\n\t\t\t<div class=\"elementor-form-fields-wrapper elementor-labels-above\">\n\t\t\t\t\t\t\t\t<div class=\"elementor-field-type-text elementor-field-group elementor-column elementor-field-group-name elementor-col-50 elementor-field-required\">\n\t\t\t\t\t\t\t\t\t\t\t\t<label for=\"form-field-name\" class=\"elementor-field-label\">\n\t\t\t\t\t\t\t\tNombre\t\t\t\t\t\t\t<\/label>\n\t\t\t\t\t\t\t\t\t\t\t\t\t\t<input size=\"1\" type=\"text\" name=\"form_fields[name]\" id=\"form-field-name\" class=\"elementor-field elementor-size-md  elementor-field-textual\" placeholder=\"Ej: Juan\" required=\"required\">\n\t\t\t\t\t\t\t\t\t\t\t<\/div>\n\t\t\t\t\t\t\t\t<div class=\"elementor-field-type-text elementor-field-group elementor-column elementor-field-group-field_57d94eb elementor-col-50 elementor-field-required\">\n\t\t\t\t\t\t\t\t\t\t\t\t<label for=\"form-field-field_57d94eb\" class=\"elementor-field-label\">\n\t\t\t\t\t\t\t\tApellido\t\t\t\t\t\t\t<\/label>\n\t\t\t\t\t\t\t\t\t\t\t\t\t\t<input size=\"1\" type=\"text\" name=\"form_fields[field_57d94eb]\" id=\"form-field-field_57d94eb\" class=\"elementor-field elementor-size-md  elementor-field-textual\" placeholder=\"Ej: Perez\" required=\"required\">\n\t\t\t\t\t\t\t\t\t\t\t<\/div>\n\t\t\t\t\t\t\t\t<div class=\"elementor-field-type-email elementor-field-group elementor-column elementor-field-group-email elementor-col-100 elementor-field-required\">\n\t\t\t\t\t\t\t\t\t\t\t\t<label for=\"form-field-email\" class=\"elementor-field-label\">\n\t\t\t\t\t\t\t\tCorreo electr\u00f3nico\t\t\t\t\t\t\t<\/label>\n\t\t\t\t\t\t\t\t\t\t\t\t\t\t<input size=\"1\" type=\"email\" name=\"form_fields[email]\" id=\"form-field-email\" class=\"elementor-field elementor-size-md  elementor-field-textual\" placeholder=\"Ej: juanperez@\" required=\"required\">\n\t\t\t\t\t\t\t\t\t\t\t<\/div>\n\t\t\t\t\t\t\t\t<div class=\"elementor-field-type-tel elementor-field-group elementor-column elementor-field-group-field_01bc7c1 elementor-col-100 elementor-field-required\">\n\t\t\t\t\t\t\t\t\t\t\t\t<label for=\"form-field-field_01bc7c1\" class=\"elementor-field-label\">\n\t\t\t\t\t\t\t\tTelefono\t\t\t\t\t\t\t<\/label>\n\t\t\t\t\t\t\t\t<input size=\"1\" type=\"tel\" name=\"form_fields[field_01bc7c1]\" id=\"form-field-field_01bc7c1\" class=\"elementor-field elementor-size-md  elementor-field-textual\" placeholder=\"+595\" required=\"required\" pattern=\"[0-9()#&amp;+*-=.]+\" title=\"Solo se aceptan n\u00fameros y caracteres de tel\u00e9fono (#,-,*,etc).\">\n\n\t\t\t\t\t\t<\/div>\n\t\t\t\t\t\t\t\t<div class=\"elementor-field-type-textarea elementor-field-group elementor-column elementor-field-group-message elementor-col-100 elementor-field-required\">\n\t\t\t\t\t\t\t\t\t\t\t\t<label for=\"form-field-message\" class=\"elementor-field-label\">\n\t\t\t\t\t\t\t\tAsunto\t\t\t\t\t\t\t<\/label>\n\t\t\t\t\t\t<textarea class=\"elementor-field-textual elementor-field  elementor-size-md\" name=\"form_fields[message]\" id=\"form-field-message\" rows=\"4\" placeholder=\"Describe el tema a tratar\" required=\"required\"><\/textarea>\t\t\t\t<\/div>\n\t\t\t\t\t\t\t\t<div class=\"elementor-field-group elementor-column elementor-field-type-submit elementor-col-100 e-form__buttons\">\n\t\t\t\t\t<button class=\"elementor-button elementor-size-sm elementor-animation-grow\" type=\"submit\">\n\t\t\t\t\t\t<span class=\"elementor-button-content-wrapper\">\n\t\t\t\t\t\t\t\t\t\t\t\t\t\t\t\t\t\t\t\t\t\t<span class=\"elementor-button-text\">Enviar<\/span>\n\t\t\t\t\t\t\t\t\t\t\t\t\t<\/span>\n\t\t\t\t\t<\/button>\n\t\t\t\t<\/div>\n\t\t\t<\/div>\n\t\t<\/form>\n\t\t\t\t\t\t<\/div>\n\t\t\t\t<\/div>\n\t\t\t\t\t<\/div>\n\t\t\t\t<\/div>\n\t\t\t\t<\/div>\n\t\t","protected":false},"excerpt":{"rendered":"<p>Contacto Nuestro equipo est\u00e1 a disposici\u00f3n para brindarte el asesoramiento y la asistencia que necesit\u00e1s. +595\u202f986\u202f157 077 info@grupobarcelona.com.py Teniente H\u00e9ctor Vera 2636, Asunci\u00f3n<\/p>","protected":false},"author":1,"featured_media":0,"parent":0,"menu_order":0,"comment_status":"closed","ping_status":"closed","template":"","meta":{"_joinchat":[],"footnotes":""},"class_list":["post-42","page","type-page","status-publish","hentry"],"_links":{"self":[{"href":"https:\/\/grupobarcelona.com.py\/pt\/wp-json\/wp\/v2\/pages\/42","targetHints":{"allow":["GET"]}}],"collection":[{"href":"https:\/\/grupobarcelona.com.py\/pt\/wp-json\/wp\/v2\/pages"}],"about":[{"href":"https:\/\/grupobarcelona.com.py\/pt\/wp-json\/wp\/v2\/types\/page"}],"author":[{"embeddable":true,"href":"https:\/\/grupobarcelona.com.py\/pt\/wp-json\/wp\/v2\/users\/1"}],"replies":[{"embeddable":true,"href":"https:\/\/grupobarcelona.com.py\/pt\/wp-json\/wp\/v2\/comments?post=42"}],"version-history":[{"count":67,"href":"https:\/\/grupobarcelona.com.py\/pt\/wp-json\/wp\/v2\/pages\/42\/revisions"}],"predecessor-version":[{"id":1366,"href":"https:\/\/grupobarcelona.com.py\/pt\/wp-json\/wp\/v2\/pages\/42\/revisions\/1366"}],"wp:attachment":[{"href":"https:\/\/grupobarcelona.com.py\/pt\/wp-json\/wp\/v2\/media?parent=42"}],"curies":[{"name":"wp","href":"https:\/\/api.w.org\/{rel}","templated":true}]}}