{"id":33,"date":"2025-11-19T21:15:29","date_gmt":"2025-11-19T21:15:29","guid":{"rendered":"https:\/\/grupobarcelona.com.py\/?page_id=33"},"modified":"2026-02-25T16:57:33","modified_gmt":"2026-02-25T16:57:33","slug":"negocios","status":"publish","type":"page","link":"https:\/\/grupobarcelona.com.py\/pt\/negocios\/","title":{"rendered":"Neg\u00f3cios"},"content":{"rendered":"<div data-elementor-type=\"wp-page\" data-elementor-id=\"33\" class=\"elementor elementor-33\" data-elementor-post-type=\"page\">\n\t\t\t\t<div class=\"elementor-element elementor-element-57b1027 e-con-full e-flex elementor-invisible e-con e-parent\" data-id=\"57b1027\" data-element_type=\"container\" data-e-type=\"container\" data-settings=\"{&quot;background_background&quot;:&quot;classic&quot;,&quot;jet_parallax_layout_list&quot;:[],&quot;animation&quot;:&quot;fadeInUp&quot;}\">\n\t\t<div class=\"elementor-element elementor-element-7b17567 e-flex e-con-boxed e-con e-child\" data-id=\"7b17567\" data-element_type=\"container\" data-e-type=\"container\" data-settings=\"{&quot;jet_parallax_layout_list&quot;:[]}\">\n\t\t\t\t\t<div class=\"e-con-inner\">\n\t\t\t\t<div class=\"elementor-element elementor-element-c033fb0 elementor-widget__width-inherit elementor-widget elementor-widget-heading\" data-id=\"c033fb0\" data-element_type=\"widget\" data-e-type=\"widget\" data-widget_type=\"heading.default\">\n\t\t\t\t\t<h2 class=\"elementor-heading-title elementor-size-default\">Soluciones integrales para cada etapa del desarrollo<\/h2>\t\t\t\t<\/div>\n\t\t\t\t<div class=\"elementor-element elementor-element-a852b67 elementor-widget__width-initial elementor-widget elementor-widget-text-editor\" data-id=\"a852b67\" data-element_type=\"widget\" data-e-type=\"widget\" data-widget_type=\"text-editor.default\">\n\t\t\t\t\t\t\t\t\t<p>Grupo Barcelona se distingue por su modelo de integraci\u00f3n vertical. Cada una de sus unidades de negocio responde a una necesidad clave del mercado y forma parte de una propuesta completa, coherente y sostenible.<\/p>\t\t\t\t\t\t\t\t<\/div>\n\t\t\t\t\t<\/div>\n\t\t\t\t<\/div>\n\t\t<div class=\"elementor-element elementor-element-e7ec314 e-flex e-con-boxed e-con e-child\" data-id=\"e7ec314\" data-element_type=\"container\" data-e-type=\"container\" data-settings=\"{&quot;background_background&quot;:&quot;classic&quot;,&quot;jet_parallax_layout_list&quot;:[]}\">\n\t\t\t\t\t<div class=\"e-con-inner\">\n\t\t\t\t\t<\/div>\n\t\t\t\t<\/div>\n\t\t\t\t<\/div>\n\t\t<div class=\"elementor-element elementor-element-703da59 e-flex e-con-boxed elementor-invisible e-con e-parent\" data-id=\"703da59\" data-element_type=\"container\" data-e-type=\"container\" data-settings=\"{&quot;jet_parallax_layout_list&quot;:[],&quot;animation&quot;:&quot;fadeInUp&quot;}\">\n\t\t\t\t\t<div class=\"e-con-inner\">\n\t\t<div class=\"elementor-element elementor-element-bc33eb0 e-con-full e-flex e-con e-child\" data-id=\"bc33eb0\" data-element_type=\"container\" data-e-type=\"container\" data-settings=\"{&quot;jet_parallax_layout_list&quot;:[]}\">\n\t\t\t\t<div class=\"elementor-element elementor-element-f87e246 elementor-widget elementor-widget-image\" data-id=\"f87e246\" data-element_type=\"widget\" data-e-type=\"widget\" data-widget_type=\"image.default\">\n\t\t\t\t\t\t\t\t\t\t\t\t\t\t\t<img decoding=\"async\" width=\"207\" height=\"46\" src=\"https:\/\/grupobarcelona.com.py\/wp-content\/uploads\/2025\/11\/wrapper-img.png\" class=\"attachment-large size-large wp-image-561\" alt=\"\" \/>\t\t\t\t\t\t\t\t\t\t\t\t\t\t\t<\/div>\n\t\t\t\t<div class=\"elementor-element elementor-element-e842835 elementor-widget-mobile__width-inherit elementor-widget elementor-widget-heading\" data-id=\"e842835\" data-element_type=\"widget\" data-e-type=\"widget\" data-widget_type=\"heading.default\">\n\t\t\t\t\t<h2 class=\"elementor-heading-title elementor-size-default\">Desenvolvimento imobili\u00e1rio<\/h2>\t\t\t\t<\/div>\n\t\t\t\t<div class=\"elementor-element elementor-element-401158a elementor-widget__width-initial elementor-widget-mobile__width-inherit elementor-widget elementor-widget-text-editor\" data-id=\"401158a\" data-element_type=\"widget\" data-e-type=\"widget\" data-widget_type=\"text-editor.default\">\n\t\t\t\t\t\t\t\t\t<p>Dise\u00f1amos y desarrollamos proyectos residenciales, tur\u00edsticos y ejecutivos en zonas estrat\u00e9gicas de Asunci\u00f3n y Encarnaci\u00f3n. Cada proyecto est\u00e1 pensado para combinar habitabilidad, inversi\u00f3n y experiencia.<\/p>\t\t\t\t\t\t\t\t<\/div>\n\t\t\t\t<div class=\"elementor-element elementor-element-39f2cd2 elementor-align-left btn-cta e-transform elementor-widget elementor-widget-button\" data-id=\"39f2cd2\" data-element_type=\"widget\" data-e-type=\"widget\" data-settings=\"{&quot;_transform_translateY_effect_hover&quot;:{&quot;unit&quot;:&quot;px&quot;,&quot;size&quot;:-5,&quot;sizes&quot;:[]},&quot;_transform_translateX_effect_hover&quot;:{&quot;unit&quot;:&quot;px&quot;,&quot;size&quot;:&quot;&quot;,&quot;sizes&quot;:[]},&quot;_transform_translateX_effect_hover_tablet&quot;:{&quot;unit&quot;:&quot;px&quot;,&quot;size&quot;:&quot;&quot;,&quot;sizes&quot;:[]},&quot;_transform_translateX_effect_hover_mobile&quot;:{&quot;unit&quot;:&quot;px&quot;,&quot;size&quot;:&quot;&quot;,&quot;sizes&quot;:[]},&quot;_transform_translateY_effect_hover_tablet&quot;:{&quot;unit&quot;:&quot;px&quot;,&quot;size&quot;:&quot;&quot;,&quot;sizes&quot;:[]},&quot;_transform_translateY_effect_hover_mobile&quot;:{&quot;unit&quot;:&quot;px&quot;,&quot;size&quot;:&quot;&quot;,&quot;sizes&quot;:[]}}\" data-widget_type=\"button.default\">\n\t\t\t\t\t\t\t\t\t\t<a class=\"elementor-button elementor-button-link elementor-size-sm\" href=\"https:\/\/grupobarcelona.com.py\/pt\/proyectos-v1\/\">\n\t\t\t\t\t\t<span class=\"elementor-button-content-wrapper\">\n\t\t\t\t\t\t<span class=\"elementor-button-icon\">\n\t\t\t\t<svg xmlns=\"http:\/\/www.w3.org\/2000\/svg\" width=\"32\" height=\"32\" viewbox=\"0 0 32 32\" fill=\"none\"><path d=\"M0 16C0 7.16344 7.16344 0 16 0C24.8366 0 32 7.16344 32 16C32 24.8366 24.8366 32 16 32C7.16344 32 0 24.8366 0 16Z\" fill=\"#0E2943\"><\/path><g clip-path=\"url(#clip0_650_1194)\"><path d=\"M22.0369 15.9986L15.4744 22.6486L14.2494 21.4236L18.7119 16.8736H9.96191V15.1236H18.7119L14.2494 10.5736L15.4744 9.34863L22.0369 15.9986Z\" fill=\"white\"><\/path><\/g><defs><clippath id=\"clip0_650_1194\"><rect width=\"14\" height=\"14\" fill=\"white\" transform=\"translate(9 9)\"><\/rect><\/clippath><\/defs><\/svg>\t\t\t<\/span>\n\t\t\t\t\t\t\t\t\t<span class=\"elementor-button-text\">Ver proyectos<\/span>\n\t\t\t\t\t<\/span>\n\t\t\t\t\t<\/a>\n\t\t\t\t\t\t\t\t<\/div>\n\t\t\t\t<\/div>\n\t\t<div class=\"elementor-element elementor-element-28b0daa e-con-full e-flex e-con e-child\" data-id=\"28b0daa\" data-element_type=\"container\" data-e-type=\"container\" data-settings=\"{&quot;background_background&quot;:&quot;classic&quot;,&quot;jet_parallax_layout_list&quot;:[]}\">\n\t\t\t\t<\/div>\n\t\t\t\t\t<\/div>\n\t\t\t\t<\/div>\n\t\t<div class=\"elementor-element elementor-element-ba4304e e-flex e-con-boxed elementor-invisible e-con e-parent\" data-id=\"ba4304e\" data-element_type=\"container\" data-e-type=\"container\" data-settings=\"{&quot;jet_parallax_layout_list&quot;:[],&quot;animation&quot;:&quot;fadeInUp&quot;,&quot;background_background&quot;:&quot;classic&quot;}\">\n\t\t\t\t\t<div class=\"e-con-inner\">\n\t\t<div class=\"elementor-element elementor-element-587b1ae e-con-full e-flex e-con e-child\" data-id=\"587b1ae\" data-element_type=\"container\" data-e-type=\"container\" data-settings=\"{&quot;jet_parallax_layout_list&quot;:[]}\">\n\t\t\t\t<div class=\"elementor-element elementor-element-2279fb1 elementor-widget elementor-widget-image\" data-id=\"2279fb1\" data-element_type=\"widget\" data-e-type=\"widget\" data-widget_type=\"image.default\">\n\t\t\t\t\t\t\t\t\t\t\t\t\t\t\t<img decoding=\"async\" width=\"18\" height=\"12\" src=\"https:\/\/grupobarcelona.com.py\/wp-content\/uploads\/2025\/12\/LOGO-BCN-1-25.png\" class=\"attachment-trp-custom-language-flag size-trp-custom-language-flag wp-image-1237\" alt=\"\" \/>\t\t\t\t\t\t\t\t\t\t\t\t\t\t\t<\/div>\n\t\t\t\t<div class=\"elementor-element elementor-element-8f3facd elementor-widget elementor-widget-heading\" data-id=\"8f3facd\" data-element_type=\"widget\" data-e-type=\"widget\" data-widget_type=\"heading.default\">\n\t\t\t\t\t<h2 class=\"elementor-heading-title elementor-size-default\">BCN Constru\u00e7\u00f5es<\/h2>\t\t\t\t<\/div>\n\t\t\t\t<div class=\"elementor-element elementor-element-4e3de93 elementor-widget__width-initial elementor-widget-mobile__width-inherit elementor-widget elementor-widget-text-editor\" data-id=\"4e3de93\" data-element_type=\"widget\" data-e-type=\"widget\" data-widget_type=\"text-editor.default\">\n\t\t\t\t\t\t\t\t\t<p>BCN Construcciones forma parte del Grupo Barcelona y es la responsable de ejecutar todas las obras del Grupo, adem\u00e1s de desarrollar proyectos para terceros. Hoy se posiciona como un referente del sector, impulsando cada construcci\u00f3n con innovaci\u00f3n, m\u00e1xima seguridad y la incorporaci\u00f3n constante de nuevas tecnolog\u00edas.<\/p>\t\t\t\t\t\t\t\t<\/div>\n\t\t\t\t<div class=\"elementor-element elementor-element-0d9f719 elementor-align-left btn-cta e-transform elementor-widget elementor-widget-button\" data-id=\"0d9f719\" data-element_type=\"widget\" data-e-type=\"widget\" data-settings=\"{&quot;_transform_translateY_effect_hover&quot;:{&quot;unit&quot;:&quot;px&quot;,&quot;size&quot;:-5,&quot;sizes&quot;:[]},&quot;_transform_translateX_effect_hover&quot;:{&quot;unit&quot;:&quot;px&quot;,&quot;size&quot;:&quot;&quot;,&quot;sizes&quot;:[]},&quot;_transform_translateX_effect_hover_tablet&quot;:{&quot;unit&quot;:&quot;px&quot;,&quot;size&quot;:&quot;&quot;,&quot;sizes&quot;:[]},&quot;_transform_translateX_effect_hover_mobile&quot;:{&quot;unit&quot;:&quot;px&quot;,&quot;size&quot;:&quot;&quot;,&quot;sizes&quot;:[]},&quot;_transform_translateY_effect_hover_tablet&quot;:{&quot;unit&quot;:&quot;px&quot;,&quot;size&quot;:&quot;&quot;,&quot;sizes&quot;:[]},&quot;_transform_translateY_effect_hover_mobile&quot;:{&quot;unit&quot;:&quot;px&quot;,&quot;size&quot;:&quot;&quot;,&quot;sizes&quot;:[]}}\" data-widget_type=\"button.default\">\n\t\t\t\t\t\t\t\t\t\t<a class=\"elementor-button elementor-button-link elementor-size-sm\" href=\"https:\/\/bcnconstrucciones.com\/\">\n\t\t\t\t\t\t<span class=\"elementor-button-content-wrapper\">\n\t\t\t\t\t\t<span class=\"elementor-button-icon\">\n\t\t\t\t<svg xmlns=\"http:\/\/www.w3.org\/2000\/svg\" width=\"32\" height=\"32\" viewbox=\"0 0 32 32\" fill=\"none\"><path d=\"M0 16C0 7.16344 7.16344 0 16 0C24.8366 0 32 7.16344 32 16C32 24.8366 24.8366 32 16 32C7.16344 32 0 24.8366 0 16Z\" fill=\"white\"><\/path><g clip-path=\"url(#clip0_643_2480)\"><path d=\"M22.0379 15.9986L15.4754 22.6486L14.2504 21.4236L18.7129 16.8736H9.96289V15.1236H18.7129L14.2504 10.5736L15.4754 9.34863L22.0379 15.9986Z\" fill=\"#0E2943\"><\/path><\/g><defs><clippath id=\"clip0_643_2480\"><rect width=\"14\" height=\"14\" fill=\"white\" transform=\"translate(9 9)\"><\/rect><\/clippath><\/defs><\/svg>\t\t\t<\/span>\n\t\t\t\t\t\t\t\t\t<span class=\"elementor-button-text\">Conoc\u00e9 BCN<\/span>\n\t\t\t\t\t<\/span>\n\t\t\t\t\t<\/a>\n\t\t\t\t\t\t\t\t<\/div>\n\t\t\t\t<\/div>\n\t\t<div class=\"elementor-element elementor-element-ecda695 e-con-full e-flex e-con e-child\" data-id=\"ecda695\" data-element_type=\"container\" data-e-type=\"container\" data-settings=\"{&quot;background_background&quot;:&quot;classic&quot;,&quot;jet_parallax_layout_list&quot;:[]}\">\n\t\t\t\t<\/div>\n\t\t\t\t\t<\/div>\n\t\t\t\t<\/div>\n\t\t<div class=\"elementor-element elementor-element-60547d1 e-flex e-con-boxed elementor-invisible e-con e-parent\" data-id=\"60547d1\" data-element_type=\"container\" data-e-type=\"container\" data-settings=\"{&quot;jet_parallax_layout_list&quot;:[],&quot;animation&quot;:&quot;fadeInUp&quot;}\">\n\t\t\t\t\t<div class=\"e-con-inner\">\n\t\t<div class=\"elementor-element elementor-element-98ca2c8 e-con-full e-flex e-con e-child\" data-id=\"98ca2c8\" data-element_type=\"container\" data-e-type=\"container\" data-settings=\"{&quot;jet_parallax_layout_list&quot;:[]}\">\n\t\t\t\t<div class=\"elementor-element elementor-element-3da9398 elementor-widget elementor-widget-image\" data-id=\"3da9398\" data-element_type=\"widget\" data-e-type=\"widget\" data-widget_type=\"image.default\">\n\t\t\t\t\t\t\t\t\t\t\t\t\t\t\t<img decoding=\"async\" width=\"98\" height=\"50\" src=\"https:\/\/grupobarcelona.com.py\/wp-content\/uploads\/2025\/11\/logo-B360_GB_Mesa-de-trabajo-1-1-1.png\" class=\"attachment-large size-large wp-image-570\" alt=\"\" \/>\t\t\t\t\t\t\t\t\t\t\t\t\t\t\t<\/div>\n\t\t\t\t<div class=\"elementor-element elementor-element-c827648 elementor-widget__width-initial elementor-widget-mobile__width-inherit elementor-widget elementor-widget-text-editor\" data-id=\"c827648\" data-element_type=\"widget\" data-e-type=\"widget\" data-widget_type=\"text-editor.default\">\n\t\t\t\t\t\t\t\t\t<p>Cuidamos tu inversi\u00f3n desde el primer d\u00eda.<br data-start=\"733\" data-end=\"736\" \/>Administramos tu departamento con una gesti\u00f3n profesional que asegura funcionamiento, mantenimiento y valorizaci\u00f3n.<\/p>\t\t\t\t\t\t\t\t<\/div>\n\t\t\t\t<div class=\"elementor-element elementor-element-156d48d elementor-align-left btn-cta e-transform elementor-hidden-desktop elementor-hidden-tablet elementor-hidden-mobile elementor-widget elementor-widget-button\" data-id=\"156d48d\" data-element_type=\"widget\" data-e-type=\"widget\" data-settings=\"{&quot;_transform_translateY_effect_hover&quot;:{&quot;unit&quot;:&quot;px&quot;,&quot;size&quot;:-5,&quot;sizes&quot;:[]},&quot;_transform_translateX_effect_hover&quot;:{&quot;unit&quot;:&quot;px&quot;,&quot;size&quot;:&quot;&quot;,&quot;sizes&quot;:[]},&quot;_transform_translateX_effect_hover_tablet&quot;:{&quot;unit&quot;:&quot;px&quot;,&quot;size&quot;:&quot;&quot;,&quot;sizes&quot;:[]},&quot;_transform_translateX_effect_hover_mobile&quot;:{&quot;unit&quot;:&quot;px&quot;,&quot;size&quot;:&quot;&quot;,&quot;sizes&quot;:[]},&quot;_transform_translateY_effect_hover_tablet&quot;:{&quot;unit&quot;:&quot;px&quot;,&quot;size&quot;:&quot;&quot;,&quot;sizes&quot;:[]},&quot;_transform_translateY_effect_hover_mobile&quot;:{&quot;unit&quot;:&quot;px&quot;,&quot;size&quot;:&quot;&quot;,&quot;sizes&quot;:[]}}\" data-widget_type=\"button.default\">\n\t\t\t\t\t\t\t\t\t\t<a class=\"elementor-button elementor-button-link elementor-size-sm\" href=\"#\">\n\t\t\t\t\t\t<span class=\"elementor-button-content-wrapper\">\n\t\t\t\t\t\t<span class=\"elementor-button-icon\">\n\t\t\t\t<svg xmlns=\"http:\/\/www.w3.org\/2000\/svg\" width=\"32\" height=\"32\" viewbox=\"0 0 32 32\" fill=\"none\"><path d=\"M0 16C0 7.16344 7.16344 0 16 0C24.8366 0 32 7.16344 32 16C32 24.8366 24.8366 32 16 32C7.16344 32 0 24.8366 0 16Z\" fill=\"#0E2943\"><\/path><g clip-path=\"url(#clip0_650_1194)\"><path d=\"M22.0369 15.9986L15.4744 22.6486L14.2494 21.4236L18.7119 16.8736H9.96191V15.1236H18.7119L14.2494 10.5736L15.4744 9.34863L22.0369 15.9986Z\" fill=\"white\"><\/path><\/g><defs><clippath id=\"clip0_650_1194\"><rect width=\"14\" height=\"14\" fill=\"white\" transform=\"translate(9 9)\"><\/rect><\/clippath><\/defs><\/svg>\t\t\t<\/span>\n\t\t\t\t\t\t\t\t\t<span class=\"elementor-button-text\">Ver proyectos<\/span>\n\t\t\t\t\t<\/span>\n\t\t\t\t\t<\/a>\n\t\t\t\t\t\t\t\t<\/div>\n\t\t\t\t<\/div>\n\t\t<div class=\"elementor-element elementor-element-d4995c1 e-con-full e-flex e-con e-child\" data-id=\"d4995c1\" data-element_type=\"container\" data-e-type=\"container\" data-settings=\"{&quot;background_background&quot;:&quot;classic&quot;,&quot;jet_parallax_layout_list&quot;:[]}\">\n\t\t\t\t<\/div>\n\t\t\t\t\t<\/div>\n\t\t\t\t<\/div>\n\t\t<div class=\"elementor-element elementor-element-7e3afa0 e-flex e-con-boxed elementor-invisible e-con e-parent\" data-id=\"7e3afa0\" data-element_type=\"container\" data-e-type=\"container\" data-settings=\"{&quot;jet_parallax_layout_list&quot;:[],&quot;animation&quot;:&quot;fadeInUp&quot;,&quot;background_background&quot;:&quot;classic&quot;}\">\n\t\t\t\t\t<div class=\"e-con-inner\">\n\t\t<div class=\"elementor-element elementor-element-781c2f5 e-con-full e-flex e-con e-child\" data-id=\"781c2f5\" data-element_type=\"container\" data-e-type=\"container\" data-settings=\"{&quot;jet_parallax_layout_list&quot;:[]}\">\n\t\t\t\t<div class=\"elementor-element elementor-element-b0655f6 elementor-widget elementor-widget-image\" data-id=\"b0655f6\" data-element_type=\"widget\" data-e-type=\"widget\" data-widget_type=\"image.default\">\n\t\t\t\t\t\t\t\t\t\t\t\t\t\t\t<img loading=\"lazy\" decoding=\"async\" width=\"82\" height=\"70\" src=\"https:\/\/grupobarcelona.com.py\/wp-content\/uploads\/2025\/11\/path1.png\" class=\"attachment-large size-large wp-image-575\" alt=\"\" \/>\t\t\t\t\t\t\t\t\t\t\t\t\t\t\t<\/div>\n\t\t\t\t<div class=\"elementor-element elementor-element-176295b elementor-widget elementor-widget-heading\" data-id=\"176295b\" data-element_type=\"widget\" data-e-type=\"widget\" data-widget_type=\"heading.default\">\n\t\t\t\t\t<h2 class=\"elementor-heading-title elementor-size-default\">Hoteler\u00eda<\/h2>\t\t\t\t<\/div>\n\t\t\t\t<div class=\"elementor-element elementor-element-9793d66 elementor-widget__width-initial elementor-widget-mobile__width-inherit elementor-widget elementor-widget-text-editor\" data-id=\"9793d66\" data-element_type=\"widget\" data-e-type=\"widget\" data-widget_type=\"text-editor.default\">\n\t\t\t\t\t\t\t\t\t<p>Palmaroga Hotel Asuncion, Tapestry Collection by Hilton, nuestro emprendimiento m\u00e1s emblem\u00e1tico, integra historia, dise\u00f1o y excelencia en servicio. Ubicado en el casco hist\u00f3rico de Asunci\u00f3n, forma parte de Hilton Tapestry Collection, ofreciendo una experiencia boutique de nivel internacional.<\/p>\t\t\t\t\t\t\t\t<\/div>\n\t\t\t\t<div class=\"elementor-element elementor-element-39d7177 elementor-align-left btn-cta e-transform elementor-widget elementor-widget-button\" data-id=\"39d7177\" data-element_type=\"widget\" data-e-type=\"widget\" data-settings=\"{&quot;_transform_translateY_effect_hover&quot;:{&quot;unit&quot;:&quot;px&quot;,&quot;size&quot;:-5,&quot;sizes&quot;:[]},&quot;_transform_translateX_effect_hover&quot;:{&quot;unit&quot;:&quot;px&quot;,&quot;size&quot;:&quot;&quot;,&quot;sizes&quot;:[]},&quot;_transform_translateX_effect_hover_tablet&quot;:{&quot;unit&quot;:&quot;px&quot;,&quot;size&quot;:&quot;&quot;,&quot;sizes&quot;:[]},&quot;_transform_translateX_effect_hover_mobile&quot;:{&quot;unit&quot;:&quot;px&quot;,&quot;size&quot;:&quot;&quot;,&quot;sizes&quot;:[]},&quot;_transform_translateY_effect_hover_tablet&quot;:{&quot;unit&quot;:&quot;px&quot;,&quot;size&quot;:&quot;&quot;,&quot;sizes&quot;:[]},&quot;_transform_translateY_effect_hover_mobile&quot;:{&quot;unit&quot;:&quot;px&quot;,&quot;size&quot;:&quot;&quot;,&quot;sizes&quot;:[]}}\" data-widget_type=\"button.default\">\n\t\t\t\t\t\t\t\t\t\t<a class=\"elementor-button elementor-button-link elementor-size-sm\" href=\"https:\/\/www.hilton.com\/es\/hotels\/asupmup-palmaroga-hotel-asuncion\/\">\n\t\t\t\t\t\t<span class=\"elementor-button-content-wrapper\">\n\t\t\t\t\t\t<span class=\"elementor-button-icon\">\n\t\t\t\t<svg xmlns=\"http:\/\/www.w3.org\/2000\/svg\" width=\"32\" height=\"32\" viewbox=\"0 0 32 32\" fill=\"none\"><path d=\"M0 16C0 7.16344 7.16344 0 16 0C24.8366 0 32 7.16344 32 16C32 24.8366 24.8366 32 16 32C7.16344 32 0 24.8366 0 16Z\" fill=\"white\"><\/path><g clip-path=\"url(#clip0_643_2480)\"><path d=\"M22.0379 15.9986L15.4754 22.6486L14.2504 21.4236L18.7129 16.8736H9.96289V15.1236H18.7129L14.2504 10.5736L15.4754 9.34863L22.0379 15.9986Z\" fill=\"#0E2943\"><\/path><\/g><defs><clippath id=\"clip0_643_2480\"><rect width=\"14\" height=\"14\" fill=\"white\" transform=\"translate(9 9)\"><\/rect><\/clippath><\/defs><\/svg>\t\t\t<\/span>\n\t\t\t\t\t\t\t\t\t<span class=\"elementor-button-text\">Conoc\u00e9 Palmaroga<\/span>\n\t\t\t\t\t<\/span>\n\t\t\t\t\t<\/a>\n\t\t\t\t\t\t\t\t<\/div>\n\t\t\t\t<\/div>\n\t\t<div class=\"elementor-element elementor-element-cf5de0c e-con-full e-flex e-con e-child\" data-id=\"cf5de0c\" data-element_type=\"container\" data-e-type=\"container\" data-settings=\"{&quot;background_background&quot;:&quot;classic&quot;,&quot;jet_parallax_layout_list&quot;:[]}\">\n\t\t\t\t<\/div>\n\t\t\t\t\t<\/div>\n\t\t\t\t<\/div>\n\t\t\t\t<\/div>","protected":false},"excerpt":{"rendered":"<p>Soluciones integrales para cada etapa del desarrollo Grupo Barcelona se distingue por su modelo de integraci\u00f3n vertical. Cada una de sus unidades de negocio responde a una necesidad clave del mercado y forma parte de una propuesta completa, coherente y sostenible. Desarrollo inmobiliario Dise\u00f1amos y desarrollamos proyectos residenciales, tur\u00edsticos y ejecutivos en zonas estrat\u00e9gicas de [&hellip;]<\/p>\n","protected":false},"author":1,"featured_media":0,"parent":0,"menu_order":0,"comment_status":"closed","ping_status":"closed","template":"","meta":{"_joinchat":[],"footnotes":""},"class_list":["post-33","page","type-page","status-publish","hentry"],"_links":{"self":[{"href":"https:\/\/grupobarcelona.com.py\/pt\/wp-json\/wp\/v2\/pages\/33","targetHints":{"allow":["GET"]}}],"collection":[{"href":"https:\/\/grupobarcelona.com.py\/pt\/wp-json\/wp\/v2\/pages"}],"about":[{"href":"https:\/\/grupobarcelona.com.py\/pt\/wp-json\/wp\/v2\/types\/page"}],"author":[{"embeddable":true,"href":"https:\/\/grupobarcelona.com.py\/pt\/wp-json\/wp\/v2\/users\/1"}],"replies":[{"embeddable":true,"href":"https:\/\/grupobarcelona.com.py\/pt\/wp-json\/wp\/v2\/comments?post=33"}],"version-history":[{"count":103,"href":"https:\/\/grupobarcelona.com.py\/pt\/wp-json\/wp\/v2\/pages\/33\/revisions"}],"predecessor-version":[{"id":1563,"href":"https:\/\/grupobarcelona.com.py\/pt\/wp-json\/wp\/v2\/pages\/33\/revisions\/1563"}],"wp:attachment":[{"href":"https:\/\/grupobarcelona.com.py\/pt\/wp-json\/wp\/v2\/media?parent=33"}],"curies":[{"name":"wp","href":"https:\/\/api.w.org\/{rel}","templated":true}]}}